{"id":9,"date":"2019-02-21T19:09:44","date_gmt":"2019-02-21T19:09:44","guid":{"rendered":"https:\/\/hc-management.de\/hcm\/?page_id=9"},"modified":"2026-01-05T12:01:43","modified_gmt":"2026-01-05T11:01:43","slug":"impressum","status":"publish","type":"page","link":"https:\/\/hc-management.de\/hcm\/index.php\/impressum\/","title":{"rendered":"Impressum"},"content":{"rendered":"\n<p><strong>HC Management GmbH<br><\/strong>Bl\u00fccherstr. 47<br>D-66386 St. Ingbert<br><\/p>\n\n\n\n<p><strong>Kontakt:<\/strong><\/p>\n\n\n\n<p>Tel.: +49 (0) 68 94 &#8211; 955 95 79<br>E-Mail: <a href=\"mailto:contact@hc-management.de\">contact@hc-management.de<\/a><\/p>\n\n\n\n<p>Internet:\nwww.hc-manangement.de<\/p>\n\n\n\n<p><strong>Handelsregister:<\/strong><\/p>\n\n\n\n<p>Registergericht: Amtsgericht Saarbr\u00fccken<br>Registernummer: HRB 1277<\/p>\n\n\n\n<p><strong>Gesch\u00e4ftsf\u00fchrer:<\/strong><br>Dr. med. Roland Bach, Ulrike Schilling<\/p>\n\n\n\n<p><strong>Umsatzsteuer-Identifikationsnummer gem\u00e4\u00df \u00a7 27 a Umsatzsteuergesetz:<br><\/strong>DE219444748<\/p>\n\n\n\n<p><strong>Inhaltlich Verantwortlicher gem\u00e4\u00df \u00a7 55 Abs. 2 RStV:<\/strong><br>Dr. med. Roland Bach<\/p>\n\n\n\n<p><strong>Haftungshinweis:<\/strong><\/p>\n\n\n\n<p>Die von bereitgestellten Informationen sind mit gro\u00dfer Sorgfalt erstellt\nworden. Fehler sind jedoch nicht v\u00f6llig auszuschlie\u00dfen. F\u00fcr Sch\u00e4den durch\nNutzung unserer Seiten haften wir nicht, es sei denn, es liegt vors\u00e4tzliches\noder grob fahrl\u00e4ssiges Verschulden der HC Management GmbH, eines ihrer\ngesetzlichen Vertreter oder eines ihrer Erf\u00fcllungsgehilfen vor; diese\nHaftungseinschr\u00e4nkung gilt nicht f\u00fcr Personensch\u00e4den oder die Haftung nach dem\nProdukthaftungsgesetz.\n\nSoweit\nwir auf fremde Internetauftritte verweisen (etwa durch Links), handelt es sich\nlediglich um Hinweise auf fremde Inhalte, die wir uns keinesfalls zu eigen\nmachen. F\u00fcr fremde Internetseiten, auf die wir verweisen, sind allein die\nBetreiber dieser Seiten verantwortlich.\n\n\n\n<\/p>\n\n\n\n<p><strong>Bildnachweis:<\/strong><\/p>\n\n\n\n<p>Eule: <br> Bildnachweis: tattywelshie<br> Stock-Fotografie-ID: 137539235<\/p>\n\n\n\n<p>Handshake: <br> Bildnachweis: Cecilie_Arcurs<br> Stock-Fotografie-ID: 638647068<br><br>Data: <br> Bildnachweis: kemalbas<br> Stock-Fotografie-ID: 1285629858<br><br> \u00a9 iStockphoto LP<\/p>\n","protected":false},"excerpt":{"rendered":"<p>HC Management GmbHBl\u00fccherstr. 47D-66386 St. Ingbert Kontakt: Tel.: +49 (0) 68 94 &#8211; 955 95 79E-Mail: contact@hc-management.de Internet: www.hc-manangement.de Handelsregister: Registergericht: Amtsgericht Saarbr\u00fcckenRegisternummer: HRB 1277 Gesch\u00e4ftsf\u00fchrer:Dr. med. Roland Bach, Ulrike Schilling Umsatzsteuer-Identifikationsnummer gem\u00e4\u00df \u00a7 27 a Umsatzsteuergesetz:DE219444748 Inhaltlich Verantwortlicher gem\u00e4\u00df \u00a7 55 Abs. 2 RStV:Dr. med. Roland Bach Haftungshinweis: Die von bereitgestellten Informationen sind mit gro\u00dfer Sorgfalt erstellt worden. Fehler sind jedoch nicht v\u00f6llig auszuschlie\u00dfen. F\u00fcr Sch\u00e4den durch Nutzung unserer Seiten haften wir nicht, es sei denn, es liegt vors\u00e4tzliches oder grob fahrl\u00e4ssiges Verschulden der HC Management GmbH, eines ihrer gesetzlichen Vertreter oder eines ihrer Erf\u00fcllungsgehilfen vor; diese Haftungseinschr\u00e4nkung gilt nicht f\u00fcr Personensch\u00e4den oder die Haftung nach dem Produkthaftungsgesetz. Soweit wir auf fremde Internetauftritte verweisen (etwa durch Links), handelt es sich lediglich um Hinweise auf fremde Inhalte, die wir uns keinesfalls zu eigen machen. F\u00fcr fremde Internetseiten, auf die wir verweisen, sind allein die Betreiber dieser Seiten verantwortlich. Bildnachweis: Eule: Bildnachweis: tattywelshie Stock-Fotografie-ID: 137539235 Handshake: Bildnachweis: Cecilie_Arcurs Stock-Fotografie-ID: 638647068 Data: Bildnachweis: kemalbas Stock-Fotografie-ID: 1285629858 \u00a9 iStockphoto LP<\/p>\n","protected":false},"author":1,"featured_media":0,"parent":0,"menu_order":10,"comment_status":"closed","ping_status":"closed","template":"page-templates\/full-width.php","meta":{"footnotes":""},"class_list":["post-9","page","type-page","status-publish","hentry"],"_links":{"self":[{"href":"https:\/\/hc-management.de\/hcm\/index.php\/wp-json\/wp\/v2\/pages\/9","targetHints":{"allow":["GET"]}}],"collection":[{"href":"https:\/\/hc-management.de\/hcm\/index.php\/wp-json\/wp\/v2\/pages"}],"about":[{"href":"https:\/\/hc-management.de\/hcm\/index.php\/wp-json\/wp\/v2\/types\/page"}],"author":[{"embeddable":true,"href":"https:\/\/hc-management.de\/hcm\/index.php\/wp-json\/wp\/v2\/users\/1"}],"replies":[{"embeddable":true,"href":"https:\/\/hc-management.de\/hcm\/index.php\/wp-json\/wp\/v2\/comments?post=9"}],"version-history":[{"count":19,"href":"https:\/\/hc-management.de\/hcm\/index.php\/wp-json\/wp\/v2\/pages\/9\/revisions"}],"predecessor-version":[{"id":478,"href":"https:\/\/hc-management.de\/hcm\/index.php\/wp-json\/wp\/v2\/pages\/9\/revisions\/478"}],"wp:attachment":[{"href":"https:\/\/hc-management.de\/hcm\/index.php\/wp-json\/wp\/v2\/media?parent=9"}],"curies":[{"name":"wp","href":"https:\/\/api.w.org\/{rel}","templated":true}]}}