{"id":462,"date":"2026-01-05T09:35:12","date_gmt":"2026-01-05T08:35:12","guid":{"rendered":"https:\/\/hc-management.de\/hcm\/?page_id=462"},"modified":"2026-01-05T12:04:35","modified_gmt":"2026-01-05T11:04:35","slug":"tumordokumentation-data-management","status":"publish","type":"page","link":"https:\/\/hc-management.de\/hcm\/index.php\/tumordokumentation-data-management\/","title":{"rendered":"Tumordokumentation | Data Management"},"content":{"rendered":"\n<p><strong>Professionelle Tumordokumentation f\u00fcr Kliniken, zertifizierte Zentren und Praxen \u2013 flexibel, regelkonform und bei Bedarf vollst\u00e4ndig remote.<\/strong><\/p>\n\n\n\n<figure class=\"wp-block-image size-full\"><img loading=\"lazy\" decoding=\"async\" width=\"2088\" height=\"1436\" src=\"https:\/\/hc-management.de\/hcm\/wp-content\/uploads\/2026\/01\/data.jpg\" alt=\"\" class=\"wp-image-479\" srcset=\"https:\/\/hc-management.de\/hcm\/wp-content\/uploads\/2026\/01\/data.jpg 2088w, https:\/\/hc-management.de\/hcm\/wp-content\/uploads\/2026\/01\/data-300x206.jpg 300w, https:\/\/hc-management.de\/hcm\/wp-content\/uploads\/2026\/01\/data-1024x704.jpg 1024w, https:\/\/hc-management.de\/hcm\/wp-content\/uploads\/2026\/01\/data-768x528.jpg 768w, https:\/\/hc-management.de\/hcm\/wp-content\/uploads\/2026\/01\/data-1536x1056.jpg 1536w, https:\/\/hc-management.de\/hcm\/wp-content\/uploads\/2026\/01\/data-2048x1408.jpg 2048w\" sizes=\"auto, (max-width: 2088px) 100vw, 2088px\" \/><\/figure>\n\n\n\n<p>Wir unterst\u00fctzen medizinische Einrichtungen in der gesamten DACH-Region bei der Tumordokumentation bzw. dem onkologischen Data-Management gem\u00e4\u00df den gesetzlichen und zertifizierungsrelevanten Anforderungen (z. B. Krebsregistergesetze, Zertifizierungsvorgaben onkologischer Zentren). Unser Leistungsangebot richtet sich an Kliniken, zertifizierte Einrichtungen sowie niedergelassene \u00c4rztinnen und \u00c4rzte, die alle onkologisch diagnostizierten, therapierten und nachverfolgten Patient:innen vollst\u00e4ndig, fristgerecht und qualit\u00e4tsgesichert dokumentieren m\u00fcssen.<\/p>\n\n\n\n<p>Die Dokumentation kann dauerhaft oder tempor\u00e4r erfolgen \u2013 beispielsweise zur \u00dcberbr\u00fcckung von Personalengp\u00e4ssen, bei Neustrukturierungen, zur Zertifizierungsvorbereitung oder zur Entlastung bestehender Teams. Abgestimmt auf die technischen und organisatorischen Rahmenbedingungen Ihrer Einrichtung arbeiten wir remote \u00fcber eine gesicherte VPN-Verbindung oder vor Ort in Ihrer Einrichtung. Dabei legen wir besonderen Wert auf Datenschutz, hohe Dokumentationsqualit\u00e4t, Prozesssicherheit und eine enge Abstimmung mit den lokalen Strukturen.<\/p>\n","protected":false},"excerpt":{"rendered":"<p>Professionelle Tumordokumentation f\u00fcr Kliniken, zertifizierte Zentren und Praxen \u2013 flexibel, regelkonform und bei Bedarf vollst\u00e4ndig remote. Wir unterst\u00fctzen medizinische Einrichtungen in der gesamten DACH-Region bei der Tumordokumentation bzw. dem onkologischen Data-Management gem\u00e4\u00df den gesetzlichen und zertifizierungsrelevanten Anforderungen (z. B. Krebsregistergesetze, Zertifizierungsvorgaben onkologischer Zentren). Unser Leistungsangebot richtet sich an Kliniken, zertifizierte Einrichtungen sowie niedergelassene \u00c4rztinnen und \u00c4rzte, die alle onkologisch diagnostizierten, therapierten und nachverfolgten Patient:innen vollst\u00e4ndig, fristgerecht und qualit\u00e4tsgesichert dokumentieren m\u00fcssen. Die Dokumentation kann dauerhaft oder tempor\u00e4r erfolgen \u2013 beispielsweise zur \u00dcberbr\u00fcckung von Personalengp\u00e4ssen, bei Neustrukturierungen, zur Zertifizierungsvorbereitung oder zur Entlastung bestehender Teams. Abgestimmt auf die technischen und organisatorischen Rahmenbedingungen Ihrer Einrichtung arbeiten wir remote \u00fcber eine gesicherte VPN-Verbindung oder vor Ort in Ihrer Einrichtung. Dabei legen wir besonderen Wert auf Datenschutz, hohe Dokumentationsqualit\u00e4t, Prozesssicherheit und eine enge Abstimmung mit den lokalen Strukturen.<\/p>\n","protected":false},"author":1,"featured_media":0,"parent":0,"menu_order":0,"comment_status":"closed","ping_status":"closed","template":"page-templates\/full-width.php","meta":{"footnotes":""},"class_list":["post-462","page","type-page","status-publish","hentry"],"_links":{"self":[{"href":"https:\/\/hc-management.de\/hcm\/index.php\/wp-json\/wp\/v2\/pages\/462","targetHints":{"allow":["GET"]}}],"collection":[{"href":"https:\/\/hc-management.de\/hcm\/index.php\/wp-json\/wp\/v2\/pages"}],"about":[{"href":"https:\/\/hc-management.de\/hcm\/index.php\/wp-json\/wp\/v2\/types\/page"}],"author":[{"embeddable":true,"href":"https:\/\/hc-management.de\/hcm\/index.php\/wp-json\/wp\/v2\/users\/1"}],"replies":[{"embeddable":true,"href":"https:\/\/hc-management.de\/hcm\/index.php\/wp-json\/wp\/v2\/comments?post=462"}],"version-history":[{"count":6,"href":"https:\/\/hc-management.de\/hcm\/index.php\/wp-json\/wp\/v2\/pages\/462\/revisions"}],"predecessor-version":[{"id":482,"href":"https:\/\/hc-management.de\/hcm\/index.php\/wp-json\/wp\/v2\/pages\/462\/revisions\/482"}],"wp:attachment":[{"href":"https:\/\/hc-management.de\/hcm\/index.php\/wp-json\/wp\/v2\/media?parent=462"}],"curies":[{"name":"wp","href":"https:\/\/api.w.org\/{rel}","templated":true}]}}