{"id":23,"date":"2019-02-21T19:11:38","date_gmt":"2019-02-21T19:11:38","guid":{"rendered":"https:\/\/hc-management.de\/hcm\/?page_id=23"},"modified":"2026-01-05T09:42:00","modified_gmt":"2026-01-05T08:42:00","slug":"datenschutz","status":"publish","type":"page","link":"https:\/\/hc-management.de\/hcm\/index.php\/datenschutz\/","title":{"rendered":"Datenschutz"},"content":{"rendered":"\n<p><strong>Datenschutzerkl\u00e4rung<\/strong><\/p>\n\n\n\n<p>Mit dieser Datenschutzerkl\u00e4rung\ninformieren wir Sie \u00fcber Art, Umfang und Zweck der von uns erhobenen, genutzten\nund verarbeiteten personenbezogenen Daten bei Nutzung unserer Webseite\nhc-management.de. Hiermit kommen wir zugleich unserer Informationspflicht gem.\nArt. 13 Datenschutz-Grundverordnung (DSGVO) Ihnen gegen\u00fcber nach<\/p>\n\n\n\n<p><strong>1. Informationen zum Verantwortlichen<\/strong><\/p>\n\n\n\n<p>(a) Der Verantwortliche im Sinne\nder DSGVO und anderer nationaler Datenschutzgesetze der Mitgliedsstaaten sowie\nsonstiger datenschutzrechtlicher Bestimmungen ist:<\/p>\n\n\n\n<p>HC Management GmbH<br>Bl\u00fccherstr. 47<br>66386 St. Ingbert<\/p>\n\n\n\n<p>Tel.: +49 (0) 6894 \/ 955 95 79<\/p>\n\n\n\n<p>E-Mail: contact@hc-management.com\n<\/p>\n\n\n\n<p>Mehr Informationen \u00fcber uns finden Sie im <a href=\"https:\/\/hc-management.de\/hcm\/index.php\/impressum\/\">Impressum<\/a>.<\/p>\n\n\n\n<p><strong>2. Verarbeitung personenbezogener Daten bei Besuch unserer Website<\/strong><\/p>\n\n\n\n<p>(a) Bei der blo\u00df informatorischen\nNutzung der Website, also wenn Sie uns nicht anderweitig Informationen\n\u00fcbermitteln, erheben wir nur die personenbezogenen Daten, die Ihr Browser an\nunseren Server \u00fcbermittelt. Wenn Sie unsere Website betrachten m\u00f6chten, erheben\nwir die folgenden Daten, die f\u00fcr uns technisch erforderlich sind, um Ihnen\nunsere Website anzuzeigen und die Stabilit\u00e4t und Sicherheit zu gew\u00e4hrleisten; Rechtsgrundlage\nist Art. 6 Abs. 1 S. 1 lit. f DSGVO:<\/p>\n\n\n\n<p>\u2013 IP-Adresse <br>\u2013 Datum und Uhrzeit der Anfrage <br>\u2013 Zeitzonendifferenz zur Greenwich Mean Time (GMT) <br>\u2013 Inhalt der Anforderung (konkrete Seite) <br>\u2013 Zugriffsstatus\/HTTP-Statuscode <br>\u2013 jeweils \u00fcbertragene Datenmenge <br>\u2013 Website, von der die Anforderung kommt <br>\u2013 Browser <br>\u2013 Betriebssystem und dessen Oberfl\u00e4che <br>\u2013 Sprache und Version der Browsersoftware.<\/p>\n\n\n\n<p>Die vorstehenden Daten werden\numgehend gel\u00f6scht, wenn Sie f\u00fcr die vorgenannten Zwecke nicht mehr ben\u00f6tigt\nwerden, sp\u00e4testens einen Monat nachdem wir sie erhoben haben.<\/p>\n\n\n\n<p>(b) Zus\u00e4tzlich zu den zuvor\ngenannten Daten werden bei Ihrer Nutzung unserer Website Cookies auf Ihrem\nRechner gespeichert. Bei Cookies handelt es sich um kleine Textdateien, die auf\nIhrer Festplatte dem von Ihnen verwendeten Browser zugeordnet gespeichert\nwerden und durch welche der Stelle, die den Cookie setzt (hier durch uns),\nbestimmte Informationen zuflie\u00dfen. Cookies k\u00f6nnen keine Programme ausf\u00fchren\noder Viren auf Ihren Computer \u00fcbertragen. Sie dienen dazu, das Internetangebot\ninsgesamt nutzerfreundlicher und effektiver zu machen.<\/p>\n\n\n\n<p>(c) Einsatz von Cookies:<\/p>\n\n\n\n<p>aa)&nbsp;&nbsp;&nbsp;&nbsp;&nbsp;  Diese Website nutzt folgende Arten von Cookies, deren Umfang\nund Funktionsweise im Folgenden erl\u00e4utert werden:<\/p>\n\n\n\n<p>\u2013&nbsp;&nbsp;&nbsp;&nbsp;&nbsp;&nbsp;&nbsp;&nbsp;&nbsp;  Transiente Cookies (dazu bb)<br>\u2013&nbsp;&nbsp;&nbsp;&nbsp;&nbsp;&nbsp;&nbsp;&nbsp;&nbsp;  Persistente Cookies (dazu cc).<\/p>\n\n\n\n<p>bb)&nbsp;&nbsp;&nbsp;&nbsp;&nbsp; Transiente Cookies werden automatisiert gel\u00f6scht, wenn Sie den\nBrowser schlie\u00dfen. Dazu z\u00e4hlen insbesondere die Session-Cookies. Diese\nspeichern eine sogenannte Session-ID, mit welcher sich verschiedene Anfragen\nIhres Browsers der gemeinsamen Sitzung zuordnen lassen. Dadurch kann Ihr\nRechner wiedererkannt werden, wenn Sie auf unsere Website zur\u00fcckkehren. Die\nSession-Cookies werden gel\u00f6scht, wenn Sie sich ausloggen oder den Browser\nschlie\u00dfen. In einem solchen Cookie kann z.B. der Inhalt eines Warenkorbs in\neinem Onlineshop oder ein Login-Status gespeichert werden.<\/p>\n\n\n\n<p>cc)&nbsp;&nbsp;&nbsp;&nbsp;&nbsp; Persistente Cookies werden automatisiert nach einer\nvorgegebenen Dauer gel\u00f6scht, die sich je nach Cookie unterscheiden kann. Sie\nk\u00f6nnen die Cookies in den Sicherheitseinstellungen Ihres Browsers jederzeit\nl\u00f6schen.<\/p>\n\n\n\n<p>dd)&nbsp;&nbsp;&nbsp;&nbsp;&nbsp; Sie k\u00f6nnen Ihre Browser-Einstellungen entsprechend Ihren\nW\u00fcnschen konfigurieren und z. B. die Annahme von Third-Party-Cookies oder allen\nCookies ablehnen. Gespeicherte Cookies k\u00f6nnen in den Systemeinstellungen des\nBrowsers gel\u00f6scht werden. Wir weisen Sie darauf hin, dass Sie eventuell nicht\nalle Funktionen dieser Website nutzen k\u00f6nnen.<\/p>\n\n\n\n<p><strong>3. Ihr Kontakt zu uns, Datenverarbeitung bei Kontaktaufnahme<\/strong><\/p>\n\n\n\n<p>(a) Sollten Sie Fragen zum Umgang mit ihren personenbezogenen Daten im Zusammenhang mit der Nutzung unserer Webseite haben, wenden Sie sich gerne an <a href=\"https:\/\/hc-management.de\/hcm\/index.php\/kontakt\/\">Kontakt<\/a>. <\/p>\n\n\n\n<p>(b) Im Fall der Kontaktaufnahme\ndurch E-Mail (z.B. an die vorstehend angegebene Adresse) werden die mit Ihrer Nachricht\n\u00fcbermittelten personenbezogenen Daten gespeichert, also in der Regel mindestens\nihre E-Mailadresse sowie ihr Anliegen. Es erfolgt keine Weitergabe der Daten an\nDritte. Die Daten werden ausschlie\u00dflich f\u00fcr die Verarbeitung der Konversation\nverwendet. <\/p>\n\n\n\n<p>(c) Rechtsgrundlage f\u00fcr die\nVerarbeitung der Daten, die im Zuge einer \u00dcbersendung einer E-Mail \u00fcbermittelt\nwerden, ist Art. 6 Abs. 1 lit. f DSGVO. Diese Daten dienen uns allein zur\nBearbeitung der Kontaktaufnahme; darin liegt auch das erforderliche berechtigte\nInteresse an der Verarbeitung der Daten i.S.d. Art. 6 Abs. 1 lit. f DSGVO. Die\nDaten werden gel\u00f6scht, sobald sie f\u00fcr die Erreichung des Zweckes ihrer Erhebung\nnicht mehr erforderlich sind, was dann der Fall ist, wenn die jeweilige\nKonversation mit dem Nutzer beendet ist. Beendet ist die Konversation dann,\nwenn sich aus den Umst\u00e4nden entnehmen l\u00e4sst, dass der betroffene Sachverhalt\nabschlie\u00dfend gekl\u00e4rt ist.<\/p>\n\n\n\n<p><strong>4. Empf\u00e4nger der Daten<\/strong><\/p>\n\n\n\n<p>(a) Innerhalb unseres\nUnternehmens erhalten nur diejenigen Personen Zugriff auf Ihre Daten, die mit\nder jeweiligen Abwicklung der Angelegenheit (z.B. der Beantwortung Ihrer\nAnfrage per E-Mail) betraut sind.<\/p>\n\n\n\n<p>(b) Eine Weitergabe der\npersonenbezogenen Daten an Dritte erfolgt ggfls. an von uns eingesetzte\nAuftragsverarbeiter (Art. 28 DSGVO), die in unserem Auftrag und nach unserer\nWeisung agieren. Dies k\u00f6nnen etwa Unternehmen aus dem Bereich IT-Dienstleistung\nsein.<\/p>\n\n\n\n<p><strong>5. Ihre Rechte als Betroffener<\/strong><\/p>\n\n\n\n<p>(a) Auskunftsrecht<\/p>\n\n\n\n<p>Sie haben das Recht, von uns\njederzeit auf Antrag eine Auskunft \u00fcber die von uns verarbeiteten, Sie\nbetreffenden personenbezogenen Daten im Umfang des Art. 15 DSGVO zu erhalten.\nHierzu k\u00f6nnen Sie einen Antrag postalisch oder per E-Mail an die unten\nangegebene Adresse stellen.<\/p>\n\n\n\n<p>(b) Recht zur Berichtigung\nunrichtiger Daten<\/p>\n\n\n\n<p>Sie haben das Recht, von uns die\nunverz\u00fcgliche Berichtigung der Sie betreffenden personenbezogenen Daten zu\nverlangen, sofern diese unrichtig sein sollten. Wenden Sie sich hierf\u00fcr bitte\nan die unten angegebenen Kontaktadressen.<\/p>\n\n\n\n<p>(c) Recht auf L\u00f6schung<\/p>\n\n\n\n<p>Sie haben das Recht, unter den in\nArt. 17 DSGVO beschriebenen Voraussetzungen von uns die L\u00f6schung der Sie\nbetreffenden personenbezogenen Daten zu verlangen. Diese Voraussetzungen sehen\ninsbesondere ein L\u00f6schungsrecht vor, wenn die personenbezogenen Daten f\u00fcr die\nZwecke, f\u00fcr die sie erhoben oder auf sonstige Weise verarbeitet wurden, nicht\nmehr notwendig sind, sowie in F\u00e4llen der unrechtm\u00e4\u00dfigen Verarbeitung, des\nVorliegens eines Widerspruchs oder des Bestehens einer L\u00f6schungspflicht nach\nUnionsrecht oder dem Recht des Mitgliedstaates, dem wir unterliegen. Um Ihr\nRecht auf L\u00f6schung geltend zu machen, wenden Sie sich bitte an die unten\nangegebenen Kontaktadressen.<\/p>\n\n\n\n<p>(d) Recht auf Einschr\u00e4nkung der\nVerarbeitung<\/p>\n\n\n\n<p>Sie haben das Recht, von uns die\nEinschr\u00e4nkung der Verarbeitung nach Ma\u00dfgabe des Art. 18 DSGVO zu verlangen.\nDieses Recht besteht insbesondere, wenn die Richtigkeit der personenbezogenen\nDaten zwischen dem Nutzer und uns umstritten ist, f\u00fcr die Dauer, welche die\n\u00dcberpr\u00fcfung der Richtigkeit erfordert, sowie im Fall, dass der Nutzer bei einem\nbestehenden Recht auf L\u00f6schung anstelle der L\u00f6schung eine eingeschr\u00e4nkte\nVerarbeitung verlangt; ferner f\u00fcr den Fall, dass die Daten f\u00fcr die von uns\nverfolgten Zwecke nicht l\u00e4nger erforderlich sind, der Nutzer sie jedoch zur\nGeltendmachung, Aus\u00fcbung oder Verteidigung von Rechtsanspr\u00fcchen ben\u00f6tigt sowie,\nwenn die erfolgreiche Aus\u00fcbung eines Widerspruchs zwischen uns und dem Nutzer\nnoch umstritten ist. Um Ihr Recht auf Einschr\u00e4nkung der Verarbeitung geltend zu\nmachen, wenden Sie sich bitte an die unten angegebenen Kontaktadressen.<\/p>\n\n\n\n<p>(e) Recht auf\nDaten\u00fcbertragbarkeit<\/p>\n\n\n\n<p>Sie haben das Recht, von uns die\nSie betreffenden personenbezogenen Daten, die Sie uns bereitgestellt haben, in\neinem strukturierten, g\u00e4ngigen, maschinenlesbaren Format nach Ma\u00dfgabe des Art.\n20 DSGVO zu erhalten. Um Ihr Recht auf Daten\u00fcbertragbarkeit geltend zu machen,\nwenden Sie sich bitte an die unten angegebenen Kontaktadressen.<\/p>\n\n\n\n<p><strong>(f) Widerspruchsrecht<\/strong><\/p>\n\n\n\n<p><strong>Sie haben das Recht, aus Gr\u00fcnden, die sich aus Ihrer besonderen\nSituation ergeben, jederzeit gegen die Verarbeitung Sie betreffender\npersonenbezogener Daten, die u.a. aufgrund von Art. 6 Abs. 1 lit. e) oder f)\nDSGVO erfolgt, Widerspruch nach Art. 21 DSGVO einzulegen. Wir werden die\nVerarbeitung Ihrer personenbezogenen Daten einstellen, es sei denn, wir k\u00f6nnen\nzwingende schutzw\u00fcrdige Gr\u00fcnde f\u00fcr die Verarbeitung nachweisen, die Ihre\nInteressen, Rechte und Freiheiten \u00fcberwiegen, oder wenn die Verarbeitung der\nGeltendmachung, Aus\u00fcbung oder Verteidigung von Rechtsanspr\u00fcchen dient.<\/strong><\/p>\n\n\n\n<p>(g) Widerrufsrecht (im Falle\neiner erteilten Einwilligung)<\/p>\n\n\n\n<p>Sie haben das Recht, erteilte\nEinwilligungen gem. Art. 7 Abs. 3 DSGVO mit Wirkung f\u00fcr die Zukunft zu\nwiderrufen. Durch den Widerruf der Einwilligung wird die Rechtm\u00e4\u00dfigkeit der\naufgrund der Einwilligung bis zum Widerruf erfolgten Verarbeitung nicht\nber\u00fchrt.<\/p>\n\n\n\n<p>(h) Beschwerderecht<\/p>\n\n\n\n<p>Sie haben ferner das Recht, sich\nbei Beschwerden an die Aufsichtsbeh\u00f6rden zu wenden. <\/p>\n\n\n\n<p><strong>6. Pflicht zur Bereitstellung von Daten<\/strong><\/p>\n\n\n\n<p>Sie haben keine vertragliche,\noder gesetzliche Pflicht, uns personenbezogene Daten bereitzustellen. <\/p>\n\n\n\n<p><strong>7. Bestehen von automatisierten Entscheidungsfindungen (einschlie\u00dflich\nProfiling)<\/strong><\/p>\n\n\n\n<p>Wir verwenden keine\nautomatisierten Entscheidungsfindungen, die Ihnen gegen\u00fcber rechtliche\nWirkungen entfalten oder Sie beeintr\u00e4chtigen.<\/p>\n\n\n\n<p><strong>8. Aktualisierung der Datenschutzerkl\u00e4rung<\/strong><\/p>\n\n\n\n<p>Diese Datenschutzerkl\u00e4rung hat\nden Stand 24. Juli 2019. \u00c4nderungen unseres Angebots k\u00f6nnen es erforderlich\nmachen, auch diese Datenschutzerkl\u00e4rung zu \u00e4ndern. Bitte informieren Sie sich\ndeshalb regelm\u00e4\u00dfig \u00fcber den Inhalt unserer Datenschutzerkl\u00e4rung. Wir\ninformieren Sie zudem, sobald durch die \u00c4nderungen eine Mitwirkungshandlung Ihrerseits\n(z.B. Einwilligung) oder eine sonstige individuelle Benachrichtigung\nerforderlich wird.<\/p>\n","protected":false},"excerpt":{"rendered":"<p>Datenschutzerkl\u00e4rung Mit dieser Datenschutzerkl\u00e4rung informieren wir Sie \u00fcber Art, Umfang und Zweck der von uns erhobenen, genutzten und verarbeiteten personenbezogenen Daten bei Nutzung unserer Webseite hc-management.de. Hiermit kommen wir zugleich unserer Informationspflicht gem. Art. 13 Datenschutz-Grundverordnung (DSGVO) Ihnen gegen\u00fcber nach 1. Informationen zum Verantwortlichen (a) Der Verantwortliche im Sinne der DSGVO und anderer nationaler Datenschutzgesetze der Mitgliedsstaaten sowie sonstiger datenschutzrechtlicher Bestimmungen ist: HC Management GmbHBl\u00fccherstr. 4766386 St. Ingbert Tel.: +49 (0) 6894 \/ 955 95 79 E-Mail: contact@hc-management.com Mehr Informationen \u00fcber uns finden Sie im Impressum. 2. Verarbeitung personenbezogener Daten bei Besuch unserer Website (a) Bei der blo\u00df informatorischen Nutzung der Website, also wenn Sie uns nicht anderweitig Informationen \u00fcbermitteln, erheben wir nur die personenbezogenen Daten, die Ihr Browser an unseren Server \u00fcbermittelt. Wenn Sie unsere Website betrachten m\u00f6chten, erheben wir die folgenden Daten, die f\u00fcr uns technisch erforderlich sind, um Ihnen unsere Website anzuzeigen und die Stabilit\u00e4t und Sicherheit zu gew\u00e4hrleisten; Rechtsgrundlage ist Art. 6 Abs. 1 S. 1 lit. f DSGVO: \u2013 IP-Adresse \u2013 Datum und Uhrzeit der Anfrage \u2013 Zeitzonendifferenz zur Greenwich &hellip;<\/p>\n","protected":false},"author":1,"featured_media":0,"parent":0,"menu_order":9,"comment_status":"closed","ping_status":"closed","template":"page-templates\/full-width.php","meta":{"footnotes":""},"class_list":["post-23","page","type-page","status-publish","hentry"],"_links":{"self":[{"href":"https:\/\/hc-management.de\/hcm\/index.php\/wp-json\/wp\/v2\/pages\/23","targetHints":{"allow":["GET"]}}],"collection":[{"href":"https:\/\/hc-management.de\/hcm\/index.php\/wp-json\/wp\/v2\/pages"}],"about":[{"href":"https:\/\/hc-management.de\/hcm\/index.php\/wp-json\/wp\/v2\/types\/page"}],"author":[{"embeddable":true,"href":"https:\/\/hc-management.de\/hcm\/index.php\/wp-json\/wp\/v2\/users\/1"}],"replies":[{"embeddable":true,"href":"https:\/\/hc-management.de\/hcm\/index.php\/wp-json\/wp\/v2\/comments?post=23"}],"version-history":[{"count":14,"href":"https:\/\/hc-management.de\/hcm\/index.php\/wp-json\/wp\/v2\/pages\/23\/revisions"}],"predecessor-version":[{"id":471,"href":"https:\/\/hc-management.de\/hcm\/index.php\/wp-json\/wp\/v2\/pages\/23\/revisions\/471"}],"wp:attachment":[{"href":"https:\/\/hc-management.de\/hcm\/index.php\/wp-json\/wp\/v2\/media?parent=23"}],"curies":[{"name":"wp","href":"https:\/\/api.w.org\/{rel}","templated":true}]}}